{"id":127,"date":"2025-12-19T21:16:34","date_gmt":"2025-12-19T21:16:34","guid":{"rendered":"https:\/\/teleconectaecuador.ec\/?page_id=127"},"modified":"2025-12-29T18:58:52","modified_gmt":"2025-12-29T18:58:52","slug":"inicio","status":"publish","type":"page","link":"https:\/\/teleconectaecuador.ec\/","title":{"rendered":"Inicio"},"content":{"rendered":"\t\t<div data-elementor-type=\"wp-page\" data-elementor-id=\"127\" class=\"elementor elementor-127\" data-elementor-post-type=\"page\">\n\t\t\t\t<div class=\"elementor-element elementor-element-1ffb181 e-con-full e-flex e-con e-parent\" data-id=\"1ffb181\" data-element_type=\"container\" data-settings=\"{&quot;background_background&quot;:&quot;classic&quot;}\">\n\t\t<div class=\"elementor-element elementor-element-8a51b55 e-con-full e-flex e-con e-child\" data-id=\"8a51b55\" data-element_type=\"container\">\n\t\t\t\t<div class=\"elementor-element elementor-element-02374e5 elementor-widget__width-initial elementor-widget-mobile__width-initial elementor-widget elementor-widget-text-editor\" data-id=\"02374e5\" data-element_type=\"widget\" data-widget_type=\"text-editor.default\">\n\t\t\t\t\t\t\t\t\t<p>Tu aliado estrat\u00e9gico<\/p>\t\t\t\t\t\t\t\t<\/div>\n\t\t\t\t<div class=\"elementor-element elementor-element-d235af1 elementor-widget__width-initial elementor-widget-mobile__width-initial elementor-widget elementor-widget-text-editor\" data-id=\"d235af1\" data-element_type=\"widget\" data-widget_type=\"text-editor.default\">\n\t\t\t\t\t\t\t\t\t<p><strong>CONTACT CENTER, VENTAS Y COBRANZAS<\/strong><\/p>\t\t\t\t\t\t\t\t<\/div>\n\t\t<div class=\"elementor-element elementor-element-7e1aeaf e-grid e-con-full e-con e-child\" data-id=\"7e1aeaf\" data-element_type=\"container\">\n\t\t\t\t<div class=\"elementor-element elementor-element-f9fd620 elementor-widget elementor-widget-button\" data-id=\"f9fd620\" data-element_type=\"widget\" data-widget_type=\"button.default\">\n\t\t\t\t\t\t\t\t\t\t<a class=\"elementor-button elementor-button-link elementor-size-sm\" href=\"#\">\n\t\t\t\t\t\t<span class=\"elementor-button-content-wrapper\">\n\t\t\t\t\t\t\t\t\t<span class=\"elementor-button-text\">Cotiza tu servicio<\/span>\n\t\t\t\t\t<\/span>\n\t\t\t\t\t<\/a>\n\t\t\t\t\t\t\t\t<\/div>\n\t\t\t\t<div class=\"elementor-element elementor-element-ca5c546 elementor-widget elementor-widget-button\" data-id=\"ca5c546\" data-element_type=\"widget\" data-widget_type=\"button.default\">\n\t\t\t\t\t\t\t\t\t\t<a class=\"elementor-button elementor-button-link elementor-size-sm\" href=\"#\">\n\t\t\t\t\t\t<span class=\"elementor-button-content-wrapper\">\n\t\t\t\t\t\t\t\t\t<span class=\"elementor-button-text\">\u00danete a nosotros<\/span>\n\t\t\t\t\t<\/span>\n\t\t\t\t\t<\/a>\n\t\t\t\t\t\t\t\t<\/div>\n\t\t\t\t<\/div>\n\t\t\t\t<\/div>\n\t\t<div class=\"elementor-element elementor-element-6158259 e-con-full e-flex e-con e-child\" data-id=\"6158259\" data-element_type=\"container\">\n\t\t\t\t<div class=\"elementor-element elementor-element-dbaebf6 elementor-widget__width-initial elementor-widget elementor-widget-image\" data-id=\"dbaebf6\" data-element_type=\"widget\" data-widget_type=\"image.default\">\n\t\t\t\t\t\t\t\t\t\t\t\t\t\t\t<img fetchpriority=\"high\" decoding=\"async\" width=\"1080\" height=\"1080\" src=\"https:\/\/teleconectaecuador.ec\/wp-content\/uploads\/2025\/12\/Inicio-1-sin-fondo.png\" class=\"attachment-1536x1536 size-1536x1536 wp-image-140\" alt=\"\" srcset=\"https:\/\/teleconectaecuador.ec\/wp-content\/uploads\/2025\/12\/Inicio-1-sin-fondo.png 1080w, https:\/\/teleconectaecuador.ec\/wp-content\/uploads\/2025\/12\/Inicio-1-sin-fondo-300x300.png 300w, https:\/\/teleconectaecuador.ec\/wp-content\/uploads\/2025\/12\/Inicio-1-sin-fondo-1024x1024.png 1024w, https:\/\/teleconectaecuador.ec\/wp-content\/uploads\/2025\/12\/Inicio-1-sin-fondo-150x150.png 150w, https:\/\/teleconectaecuador.ec\/wp-content\/uploads\/2025\/12\/Inicio-1-sin-fondo-768x768.png 768w, https:\/\/teleconectaecuador.ec\/wp-content\/uploads\/2025\/12\/elementor\/thumbs\/Inicio-1-sin-fondo-150x150.png 1500w\" sizes=\"(max-width: 1080px) 100vw, 1080px\" \/>\t\t\t\t\t\t\t\t\t\t\t\t\t\t\t<\/div>\n\t\t\t\t<\/div>\n\t\t\t\t<\/div>\n\t\t<div class=\"elementor-element elementor-element-f29490c e-con-full elementor-hidden-tablet elementor-hidden-mobile e-flex e-con e-parent\" data-id=\"f29490c\" data-element_type=\"container\" data-settings=\"{&quot;background_background&quot;:&quot;classic&quot;}\">\n\t\t\t\t<div class=\"elementor-element elementor-element-3a141a7 elementor-widget elementor-widget-text-editor\" data-id=\"3a141a7\" data-element_type=\"widget\" data-widget_type=\"text-editor.default\">\n\t\t\t\t\t\t\t\t\t<p>Nuestro equipo<\/p>\t\t\t\t\t\t\t\t<\/div>\n\t\t\t\t<\/div>\n\t\t<div class=\"elementor-element elementor-element-c4aeb41 e-con-full e-flex e-con e-parent\" data-id=\"c4aeb41\" data-element_type=\"container\" data-settings=\"{&quot;background_background&quot;:&quot;classic&quot;}\">\n\t\t\t\t<div class=\"elementor-element elementor-element-e03b568 elementor-hidden-tablet elementor-hidden-mobile elementor-widget elementor-widget-text-editor\" data-id=\"e03b568\" data-element_type=\"widget\" data-widget_type=\"text-editor.default\">\n\t\t\t\t\t\t\t\t\t<p><strong>M\u00e1s interacciones,<br \/><\/strong><\/p><p><span style=\"color: #ff5c45;\">m\u00e1s ventas<\/span><\/p>\t\t\t\t\t\t\t\t<\/div>\n\t\t\t\t<div class=\"elementor-element elementor-element-7f8273c elementor-widget-divider--view-line elementor-widget elementor-widget-divider\" data-id=\"7f8273c\" data-element_type=\"widget\" data-widget_type=\"divider.default\">\n\t\t\t\t\t\t\t<div class=\"elementor-divider\">\n\t\t\t<span class=\"elementor-divider-separator\">\n\t\t\t\t\t\t<\/span>\n\t\t<\/div>\n\t\t\t\t\t\t<\/div>\n\t\t\t\t<div class=\"elementor-element elementor-element-1c7c6b9 elementor-hidden-desktop elementor-widget elementor-widget-text-editor\" data-id=\"1c7c6b9\" data-element_type=\"widget\" data-widget_type=\"text-editor.default\">\n\t\t\t\t\t\t\t\t\t<p><strong>M\u00e1s interacciones,<br \/><\/strong><\/p><p><span style=\"color: #ff5c45;\">m\u00e1s ventas<\/span><\/p>\t\t\t\t\t\t\t\t<\/div>\n\t\t\t\t<\/div>\n\t\t<div class=\"elementor-element elementor-element-03a6243 e-con-full e-flex e-con e-parent\" data-id=\"03a6243\" data-element_type=\"container\" data-settings=\"{&quot;background_background&quot;:&quot;classic&quot;}\">\n\t\t<div class=\"elementor-element elementor-element-a40e7c3 e-con-full e-flex e-con e-child\" data-id=\"a40e7c3\" data-element_type=\"container\">\n\t\t\t\t<div class=\"elementor-element elementor-element-5ae44f1 elementor-widget__width-initial elementor-widget elementor-widget-image\" data-id=\"5ae44f1\" data-element_type=\"widget\" data-widget_type=\"image.default\">\n\t\t\t\t\t\t\t\t\t\t\t\t\t\t\t<img decoding=\"async\" width=\"2048\" height=\"2048\" src=\"https:\/\/teleconectaecuador.ec\/wp-content\/uploads\/2025\/12\/INICIO-MAS-INTERAC-2048x2048.webp\" class=\"attachment-2048x2048 size-2048x2048 wp-image-156\" alt=\"\" srcset=\"https:\/\/teleconectaecuador.ec\/wp-content\/uploads\/2025\/12\/INICIO-MAS-INTERAC-2048x2048.webp 2048w, https:\/\/teleconectaecuador.ec\/wp-content\/uploads\/2025\/12\/INICIO-MAS-INTERAC-300x300.webp 300w, https:\/\/teleconectaecuador.ec\/wp-content\/uploads\/2025\/12\/INICIO-MAS-INTERAC-1024x1024.webp 1024w, https:\/\/teleconectaecuador.ec\/wp-content\/uploads\/2025\/12\/INICIO-MAS-INTERAC-150x150.webp 150w, https:\/\/teleconectaecuador.ec\/wp-content\/uploads\/2025\/12\/INICIO-MAS-INTERAC-768x768.webp 768w, https:\/\/teleconectaecuador.ec\/wp-content\/uploads\/2025\/12\/INICIO-MAS-INTERAC-1536x1536.webp 1536w\" sizes=\"(max-width: 2048px) 100vw, 2048px\" \/>\t\t\t\t\t\t\t\t\t\t\t\t\t\t\t<\/div>\n\t\t\t\t<div class=\"elementor-element elementor-element-e0abae2 elementor-widget__width-initial elementor-widget elementor-widget-text-editor\" data-id=\"e0abae2\" data-element_type=\"widget\" data-widget_type=\"text-editor.default\">\n\t\t\t\t\t\t\t\t\t<p><span style=\"color: #ff5c45;\"><strong>Atenci\u00f3n al cliente<\/strong><\/span><\/p>\t\t\t\t\t\t\t\t<\/div>\n\t\t\t\t<div class=\"elementor-element elementor-element-75670d5 elementor-widget__width-initial elementor-widget elementor-widget-text-editor\" data-id=\"75670d5\" data-element_type=\"widget\" data-widget_type=\"text-editor.default\">\n\t\t\t\t\t\t\t\t\t<p><span style=\"font-style: inherit; font-weight: inherit;\">Soporte, gesti\u00f3n de <\/span>reclamos, fidelizaci\u00f3n<\/p>\t\t\t\t\t\t\t\t<\/div>\n\t\t\t\t<div class=\"elementor-element elementor-element-6950a6c elementor-hidden-tablet elementor-hidden-mobile elementor-widget-divider--view-line elementor-widget elementor-widget-divider\" data-id=\"6950a6c\" data-element_type=\"widget\" data-widget_type=\"divider.default\">\n\t\t\t\t\t\t\t<div class=\"elementor-divider\">\n\t\t\t<span class=\"elementor-divider-separator\">\n\t\t\t\t\t\t<\/span>\n\t\t<\/div>\n\t\t\t\t\t\t<\/div>\n\t\t\t\t<div class=\"elementor-element elementor-element-16b19e9 elementor-align-center elementor-widget__width-initial elementor-widget elementor-widget-button\" data-id=\"16b19e9\" data-element_type=\"widget\" data-widget_type=\"button.default\">\n\t\t\t\t\t\t\t\t\t\t<a class=\"elementor-button elementor-button-link elementor-size-sm\" href=\"#\">\n\t\t\t\t\t\t<span class=\"elementor-button-content-wrapper\">\n\t\t\t\t\t\t\t\t\t<span class=\"elementor-button-text\">M\u00c1S INFO<\/span>\n\t\t\t\t\t<\/span>\n\t\t\t\t\t<\/a>\n\t\t\t\t\t\t\t\t<\/div>\n\t\t\t\t<\/div>\n\t\t<div class=\"elementor-element elementor-element-9f265b3 e-con-full e-flex e-con e-child\" data-id=\"9f265b3\" data-element_type=\"container\">\n\t\t\t\t<div class=\"elementor-element elementor-element-4e1b673 elementor-widget__width-initial elementor-widget elementor-widget-image\" data-id=\"4e1b673\" data-element_type=\"widget\" data-widget_type=\"image.default\">\n\t\t\t\t\t\t\t\t\t\t\t\t\t\t\t<img decoding=\"async\" width=\"2048\" height=\"2048\" src=\"https:\/\/teleconectaecuador.ec\/wp-content\/uploads\/2025\/12\/INCIO-MAS-INTERAC-2048x2048.webp\" class=\"attachment-2048x2048 size-2048x2048 wp-image-155\" alt=\"\" srcset=\"https:\/\/teleconectaecuador.ec\/wp-content\/uploads\/2025\/12\/INCIO-MAS-INTERAC-2048x2048.webp 2048w, https:\/\/teleconectaecuador.ec\/wp-content\/uploads\/2025\/12\/INCIO-MAS-INTERAC-300x300.webp 300w, https:\/\/teleconectaecuador.ec\/wp-content\/uploads\/2025\/12\/INCIO-MAS-INTERAC-1024x1024.webp 1024w, https:\/\/teleconectaecuador.ec\/wp-content\/uploads\/2025\/12\/INCIO-MAS-INTERAC-150x150.webp 150w, https:\/\/teleconectaecuador.ec\/wp-content\/uploads\/2025\/12\/INCIO-MAS-INTERAC-768x768.webp 768w, https:\/\/teleconectaecuador.ec\/wp-content\/uploads\/2025\/12\/INCIO-MAS-INTERAC-1536x1536.webp 1536w\" sizes=\"(max-width: 2048px) 100vw, 2048px\" \/>\t\t\t\t\t\t\t\t\t\t\t\t\t\t\t<\/div>\n\t\t\t\t<div class=\"elementor-element elementor-element-3da8ebd elementor-widget__width-initial elementor-widget elementor-widget-text-editor\" data-id=\"3da8ebd\" data-element_type=\"widget\" data-widget_type=\"text-editor.default\">\n\t\t\t\t\t\t\t\t\t<p><span style=\"color: #ff5c45;\"><strong>Ventas tel\u00e9fonicas<\/strong><\/span><\/p>\t\t\t\t\t\t\t\t<\/div>\n\t\t\t\t<div class=\"elementor-element elementor-element-84efefe elementor-widget__width-initial elementor-widget elementor-widget-text-editor\" data-id=\"84efefe\" data-element_type=\"widget\" data-widget_type=\"text-editor.default\">\n\t\t\t\t\t\t\t\t\t<p><span style=\"font-style: inherit; font-weight: inherit;\">Outbound, Inbound.<\/span><\/p><p>\u00a0<\/p>\t\t\t\t\t\t\t\t<\/div>\n\t\t\t\t<div class=\"elementor-element elementor-element-dc6cb28 elementor-hidden-tablet elementor-hidden-mobile elementor-widget-divider--view-line elementor-widget elementor-widget-divider\" data-id=\"dc6cb28\" data-element_type=\"widget\" data-widget_type=\"divider.default\">\n\t\t\t\t\t\t\t<div class=\"elementor-divider\">\n\t\t\t<span class=\"elementor-divider-separator\">\n\t\t\t\t\t\t<\/span>\n\t\t<\/div>\n\t\t\t\t\t\t<\/div>\n\t\t\t\t<div class=\"elementor-element elementor-element-d4f3975 elementor-align-center elementor-widget__width-initial elementor-widget elementor-widget-button\" data-id=\"d4f3975\" data-element_type=\"widget\" data-widget_type=\"button.default\">\n\t\t\t\t\t\t\t\t\t\t<a class=\"elementor-button elementor-button-link elementor-size-sm\" href=\"#\">\n\t\t\t\t\t\t<span class=\"elementor-button-content-wrapper\">\n\t\t\t\t\t\t\t\t\t<span class=\"elementor-button-text\">M\u00c1S INFO<\/span>\n\t\t\t\t\t<\/span>\n\t\t\t\t\t<\/a>\n\t\t\t\t\t\t\t\t<\/div>\n\t\t\t\t<\/div>\n\t\t<div class=\"elementor-element elementor-element-105a0c3 e-con-full e-flex e-con e-child\" data-id=\"105a0c3\" data-element_type=\"container\">\n\t\t\t\t<div class=\"elementor-element elementor-element-2b142ce elementor-widget__width-initial elementor-widget elementor-widget-image\" data-id=\"2b142ce\" data-element_type=\"widget\" data-widget_type=\"image.default\">\n\t\t\t\t\t\t\t\t\t\t\t\t\t\t\t<img loading=\"lazy\" decoding=\"async\" width=\"2048\" height=\"2048\" src=\"https:\/\/teleconectaecuador.ec\/wp-content\/uploads\/2025\/12\/INICIO-MAS-INTERAC-_2_-2048x2048.webp\" class=\"attachment-2048x2048 size-2048x2048 wp-image-157\" alt=\"\" srcset=\"https:\/\/teleconectaecuador.ec\/wp-content\/uploads\/2025\/12\/INICIO-MAS-INTERAC-_2_-2048x2048.webp 2048w, https:\/\/teleconectaecuador.ec\/wp-content\/uploads\/2025\/12\/INICIO-MAS-INTERAC-_2_-300x300.webp 300w, https:\/\/teleconectaecuador.ec\/wp-content\/uploads\/2025\/12\/INICIO-MAS-INTERAC-_2_-1024x1024.webp 1024w, https:\/\/teleconectaecuador.ec\/wp-content\/uploads\/2025\/12\/INICIO-MAS-INTERAC-_2_-150x150.webp 150w, https:\/\/teleconectaecuador.ec\/wp-content\/uploads\/2025\/12\/INICIO-MAS-INTERAC-_2_-768x768.webp 768w, https:\/\/teleconectaecuador.ec\/wp-content\/uploads\/2025\/12\/INICIO-MAS-INTERAC-_2_-1536x1536.webp 1536w\" sizes=\"(max-width: 2048px) 100vw, 2048px\" \/>\t\t\t\t\t\t\t\t\t\t\t\t\t\t\t<\/div>\n\t\t\t\t<div class=\"elementor-element elementor-element-5e1996c elementor-widget__width-initial elementor-widget elementor-widget-text-editor\" data-id=\"5e1996c\" data-element_type=\"widget\" data-widget_type=\"text-editor.default\">\n\t\t\t\t\t\t\t\t\t<p><span style=\"color: #ff5c45;\"><strong>Cobranzas<\/strong><\/span><\/p>\t\t\t\t\t\t\t\t<\/div>\n\t\t\t\t<div class=\"elementor-element elementor-element-b0db7b8 elementor-widget__width-initial elementor-widget elementor-widget-text-editor\" data-id=\"b0db7b8\" data-element_type=\"widget\" data-widget_type=\"text-editor.default\">\n\t\t\t\t\t\t\t\t\t<p><span style=\"font-style: inherit; font-weight: inherit;\">Compra y recuperaci\u00f3n de<br>cartera vencida<\/span><\/p>\t\t\t\t\t\t\t\t<\/div>\n\t\t\t\t<div class=\"elementor-element elementor-element-a9ba9b2 elementor-hidden-mobile elementor-hidden-tablet elementor-widget-divider--view-line elementor-widget elementor-widget-divider\" data-id=\"a9ba9b2\" data-element_type=\"widget\" data-widget_type=\"divider.default\">\n\t\t\t\t\t\t\t<div class=\"elementor-divider\">\n\t\t\t<span class=\"elementor-divider-separator\">\n\t\t\t\t\t\t<\/span>\n\t\t<\/div>\n\t\t\t\t\t\t<\/div>\n\t\t\t\t<div class=\"elementor-element elementor-element-df11538 elementor-align-center elementor-widget__width-initial elementor-widget elementor-widget-button\" data-id=\"df11538\" data-element_type=\"widget\" data-widget_type=\"button.default\">\n\t\t\t\t\t\t\t\t\t\t<a class=\"elementor-button elementor-button-link elementor-size-sm\" href=\"#\">\n\t\t\t\t\t\t<span class=\"elementor-button-content-wrapper\">\n\t\t\t\t\t\t\t\t\t<span class=\"elementor-button-text\">M\u00c1S INFO<\/span>\n\t\t\t\t\t<\/span>\n\t\t\t\t\t<\/a>\n\t\t\t\t\t\t\t\t<\/div>\n\t\t\t\t<\/div>\n\t\t<div class=\"elementor-element elementor-element-3fd2ca9 e-con-full e-flex e-con e-child\" data-id=\"3fd2ca9\" data-element_type=\"container\">\n\t\t\t\t<div class=\"elementor-element elementor-element-df506a6 elementor-widget__width-initial elementor-widget elementor-widget-image\" data-id=\"df506a6\" data-element_type=\"widget\" data-widget_type=\"image.default\">\n\t\t\t\t\t\t\t\t\t\t\t\t\t\t\t<img loading=\"lazy\" decoding=\"async\" width=\"1867\" height=\"2048\" src=\"https:\/\/teleconectaecuador.ec\/wp-content\/uploads\/2025\/12\/INICIO-MAS-INTERAC-_3_-scaled-e1766765790449-1867x2048.webp\" class=\"attachment-2048x2048 size-2048x2048 wp-image-158\" alt=\"\" srcset=\"https:\/\/teleconectaecuador.ec\/wp-content\/uploads\/2025\/12\/INICIO-MAS-INTERAC-_3_-scaled-e1766765790449-1867x2048.webp 1867w, https:\/\/teleconectaecuador.ec\/wp-content\/uploads\/2025\/12\/INICIO-MAS-INTERAC-_3_-scaled-e1766765790449-274x300.webp 274w, https:\/\/teleconectaecuador.ec\/wp-content\/uploads\/2025\/12\/INICIO-MAS-INTERAC-_3_-scaled-e1766765790449-934x1024.webp 934w, https:\/\/teleconectaecuador.ec\/wp-content\/uploads\/2025\/12\/INICIO-MAS-INTERAC-_3_-scaled-e1766765790449-768x842.webp 768w, https:\/\/teleconectaecuador.ec\/wp-content\/uploads\/2025\/12\/INICIO-MAS-INTERAC-_3_-scaled-e1766765790449-1401x1536.webp 1401w, https:\/\/teleconectaecuador.ec\/wp-content\/uploads\/2025\/12\/INICIO-MAS-INTERAC-_3_-scaled-e1766765790449.webp 2027w\" sizes=\"(max-width: 1867px) 100vw, 1867px\" \/>\t\t\t\t\t\t\t\t\t\t\t\t\t\t\t<\/div>\n\t\t\t\t<div class=\"elementor-element elementor-element-c0333df elementor-hidden-tablet elementor-widget-divider--view-line elementor-widget elementor-widget-divider\" data-id=\"c0333df\" data-element_type=\"widget\" data-widget_type=\"divider.default\">\n\t\t\t\t\t\t\t<div class=\"elementor-divider\">\n\t\t\t<span class=\"elementor-divider-separator\">\n\t\t\t\t\t\t<\/span>\n\t\t<\/div>\n\t\t\t\t\t\t<\/div>\n\t\t\t\t<div class=\"elementor-element elementor-element-9ed8faf elementor-widget__width-initial elementor-widget elementor-widget-text-editor\" data-id=\"9ed8faf\" data-element_type=\"widget\" data-widget_type=\"text-editor.default\">\n\t\t\t\t\t\t\t\t\t<p><span style=\"color: #ff5c45;\"><strong>Servicios b2b<\/strong><\/span><\/p>\t\t\t\t\t\t\t\t<\/div>\n\t\t\t\t<div class=\"elementor-element elementor-element-2dbf02d elementor-widget__width-initial elementor-widget-mobile__width-initial elementor-widget elementor-widget-text-editor\" data-id=\"2dbf02d\" data-element_type=\"widget\" data-widget_type=\"text-editor.default\">\n\t\t\t\t\t\t\t\t\t<p>Back Office, encuestas,<br \/>seguimiento postventa.<\/p>\t\t\t\t\t\t\t\t<\/div>\n\t\t\t\t<div class=\"elementor-element elementor-element-24324a6 elementor-hidden-mobile elementor-hidden-tablet elementor-widget-divider--view-line elementor-widget elementor-widget-divider\" data-id=\"24324a6\" data-element_type=\"widget\" data-widget_type=\"divider.default\">\n\t\t\t\t\t\t\t<div class=\"elementor-divider\">\n\t\t\t<span class=\"elementor-divider-separator\">\n\t\t\t\t\t\t<\/span>\n\t\t<\/div>\n\t\t\t\t\t\t<\/div>\n\t\t\t\t<div class=\"elementor-element elementor-element-121a020 elementor-align-center elementor-widget__width-initial elementor-widget elementor-widget-button\" data-id=\"121a020\" data-element_type=\"widget\" data-widget_type=\"button.default\">\n\t\t\t\t\t\t\t\t\t\t<a class=\"elementor-button elementor-button-link elementor-size-sm\" href=\"#\">\n\t\t\t\t\t\t<span class=\"elementor-button-content-wrapper\">\n\t\t\t\t\t\t\t\t\t<span class=\"elementor-button-text\">M\u00c1S INFO<\/span>\n\t\t\t\t\t<\/span>\n\t\t\t\t\t<\/a>\n\t\t\t\t\t\t\t\t<\/div>\n\t\t\t\t<\/div>\n\t\t\t\t<\/div>\n\t\t\t\t<\/div>\n\t\t","protected":false},"excerpt":{"rendered":"<p>Tu aliado estrat\u00e9gico CONTACT CENTER, VENTAS Y COBRANZAS Cotiza tu servicio \u00danete a nosotros Nuestro equipo M\u00e1s interacciones, m\u00e1s ventas [&hellip;]<\/p>\n","protected":false},"author":1,"featured_media":0,"parent":0,"menu_order":0,"comment_status":"closed","ping_status":"closed","template":"elementor_header_footer","meta":{"site-sidebar-layout":"no-sidebar","site-content-layout":"","ast-site-content-layout":"full-width-container","site-content-style":"default","site-sidebar-style":"default","ast-global-header-display":"","ast-banner-title-visibility":"","ast-main-header-display":"","ast-hfb-above-header-display":"","ast-hfb-below-header-display":"","ast-hfb-mobile-header-display":"","site-post-title":"disabled","ast-breadcrumbs-content":"","ast-featured-img":"disabled","footer-sml-layout":"","ast-disable-related-posts":"","theme-transparent-header-meta":"","adv-header-id-meta":"","stick-header-meta":"","header-above-stick-meta":"","header-main-stick-meta":"","header-below-stick-meta":"","astra-migrate-meta-layouts":"default","ast-page-background-enabled":"default","ast-page-background-meta":{"desktop":{"background-color":"var(--ast-global-color-5)","background-image":"","background-repeat":"repeat","background-position":"center center","background-size":"auto","background-attachment":"scroll","background-type":"","background-media":"","overlay-type":"","overlay-color":"","overlay-opacity":"","overlay-gradient":""},"tablet":{"background-color":"","background-image":"","background-repeat":"repeat","background-position":"center center","background-size":"auto","background-attachment":"scroll","background-type":"","background-media":"","overlay-type":"","overlay-color":"","overlay-opacity":"","overlay-gradient":""},"mobile":{"background-color":"","background-image":"","background-repeat":"repeat","background-position":"center center","background-size":"auto","background-attachment":"scroll","background-type":"","background-media":"","overlay-type":"","overlay-color":"","overlay-opacity":"","overlay-gradient":""}},"ast-content-background-meta":{"desktop":{"background-color":"var(--ast-global-color-4)","background-image":"","background-repeat":"repeat","background-position":"center center","background-size":"auto","background-attachment":"scroll","background-type":"","background-media":"","overlay-type":"","overlay-color":"","overlay-opacity":"","overlay-gradient":""},"tablet":{"background-color":"var(--ast-global-color-4)","background-image":"","background-repeat":"repeat","background-position":"center center","background-size":"auto","background-attachment":"scroll","background-type":"","background-media":"","overlay-type":"","overlay-color":"","overlay-opacity":"","overlay-gradient":""},"mobile":{"background-color":"var(--ast-global-color-4)","background-image":"","background-repeat":"repeat","background-position":"center center","background-size":"auto","background-attachment":"scroll","background-type":"","background-media":"","overlay-type":"","overlay-color":"","overlay-opacity":"","overlay-gradient":""}},"footnotes":""},"class_list":["post-127","page","type-page","status-publish","hentry"],"_links":{"self":[{"href":"https:\/\/teleconectaecuador.ec\/index.php\/wp-json\/wp\/v2\/pages\/127","targetHints":{"allow":["GET"]}}],"collection":[{"href":"https:\/\/teleconectaecuador.ec\/index.php\/wp-json\/wp\/v2\/pages"}],"about":[{"href":"https:\/\/teleconectaecuador.ec\/index.php\/wp-json\/wp\/v2\/types\/page"}],"author":[{"embeddable":true,"href":"https:\/\/teleconectaecuador.ec\/index.php\/wp-json\/wp\/v2\/users\/1"}],"replies":[{"embeddable":true,"href":"https:\/\/teleconectaecuador.ec\/index.php\/wp-json\/wp\/v2\/comments?post=127"}],"version-history":[{"count":213,"href":"https:\/\/teleconectaecuador.ec\/index.php\/wp-json\/wp\/v2\/pages\/127\/revisions"}],"predecessor-version":[{"id":685,"href":"https:\/\/teleconectaecuador.ec\/index.php\/wp-json\/wp\/v2\/pages\/127\/revisions\/685"}],"wp:attachment":[{"href":"https:\/\/teleconectaecuador.ec\/index.php\/wp-json\/wp\/v2\/media?parent=127"}],"curies":[{"name":"wp","href":"https:\/\/api.w.org\/{rel}","templated":true}]}}