{"id":221,"date":"2025-12-23T17:02:19","date_gmt":"2025-12-23T17:02:19","guid":{"rendered":"https:\/\/teleconectaecuador.ec\/?page_id=221"},"modified":"2025-12-29T17:10:40","modified_gmt":"2025-12-29T17:10:40","slug":"servicios","status":"publish","type":"page","link":"https:\/\/teleconectaecuador.ec\/index.php\/servicios\/","title":{"rendered":"SERVICIOS"},"content":{"rendered":"\t\t<div data-elementor-type=\"wp-page\" data-elementor-id=\"221\" class=\"elementor elementor-221\" data-elementor-post-type=\"page\">\n\t\t\t\t<div class=\"elementor-element elementor-element-d9ef33b e-con-full e-flex e-con e-parent\" data-id=\"d9ef33b\" data-element_type=\"container\" data-settings=\"{&quot;background_background&quot;:&quot;classic&quot;}\">\n\t\t<div class=\"elementor-element elementor-element-8672fca e-con-full e-flex e-con e-child\" data-id=\"8672fca\" data-element_type=\"container\">\n\t\t\t\t<div class=\"elementor-element elementor-element-afd2b5f elementor-button-info elementor-align-center elementor-mobile-align-justify elementor-widget elementor-widget-button\" data-id=\"afd2b5f\" data-element_type=\"widget\" data-widget_type=\"button.default\">\n\t\t\t\t\t\t\t\t\t\t<a class=\"elementor-button elementor-button-link elementor-size-sm\" href=\"#\">\n\t\t\t\t\t\t<span class=\"elementor-button-content-wrapper\">\n\t\t\t\t\t\t\t\t\t<span class=\"elementor-button-text\">Atenci\u00f3n al cliente<\/span>\n\t\t\t\t\t<\/span>\n\t\t\t\t\t<\/a>\n\t\t\t\t\t\t\t\t<\/div>\n\t\t\t\t<\/div>\n\t\t<div class=\"elementor-element elementor-element-dfc48d5 e-con-full e-flex e-con e-child\" data-id=\"dfc48d5\" data-element_type=\"container\">\n\t\t\t\t<div class=\"elementor-element elementor-element-f2e7468 elementor-button-info elementor-align-center elementor-mobile-align-justify elementor-widget elementor-widget-button\" data-id=\"f2e7468\" data-element_type=\"widget\" data-widget_type=\"button.default\">\n\t\t\t\t\t\t\t\t\t\t<a class=\"elementor-button elementor-button-link elementor-size-sm\" href=\"#\">\n\t\t\t\t\t\t<span class=\"elementor-button-content-wrapper\">\n\t\t\t\t\t\t\t\t\t<span class=\"elementor-button-text\">Ventas telef\u00f3nicas<\/span>\n\t\t\t\t\t<\/span>\n\t\t\t\t\t<\/a>\n\t\t\t\t\t\t\t\t<\/div>\n\t\t\t\t<\/div>\n\t\t<div class=\"elementor-element elementor-element-8a477fa e-con-full e-flex e-con e-child\" data-id=\"8a477fa\" data-element_type=\"container\">\n\t\t\t\t<div class=\"elementor-element elementor-element-9a9b2ea elementor-button-info elementor-align-center elementor-mobile-align-justify elementor-widget elementor-widget-button\" data-id=\"9a9b2ea\" data-element_type=\"widget\" data-widget_type=\"button.default\">\n\t\t\t\t\t\t\t\t\t\t<a class=\"elementor-button elementor-button-link elementor-size-sm\" href=\"#\">\n\t\t\t\t\t\t<span class=\"elementor-button-content-wrapper\">\n\t\t\t\t\t\t\t\t\t<span class=\"elementor-button-text\">Cobranzas<\/span>\n\t\t\t\t\t<\/span>\n\t\t\t\t\t<\/a>\n\t\t\t\t\t\t\t\t<\/div>\n\t\t\t\t<\/div>\n\t\t<div class=\"elementor-element elementor-element-8a9ac49 e-con-full e-flex e-con e-child\" data-id=\"8a9ac49\" data-element_type=\"container\">\n\t\t\t\t<div class=\"elementor-element elementor-element-7bf3e3c elementor-button-info elementor-mobile-align-justify elementor-widget elementor-widget-button\" data-id=\"7bf3e3c\" data-element_type=\"widget\" data-widget_type=\"button.default\">\n\t\t\t\t\t\t\t\t\t\t<a class=\"elementor-button elementor-button-link elementor-size-sm\" href=\"#\">\n\t\t\t\t\t\t<span class=\"elementor-button-content-wrapper\">\n\t\t\t\t\t\t\t\t\t<span class=\"elementor-button-text\">ServiciosB2B<\/span>\n\t\t\t\t\t<\/span>\n\t\t\t\t\t<\/a>\n\t\t\t\t\t\t\t\t<\/div>\n\t\t\t\t<\/div>\n\t\t\t\t<\/div>\n\t\t<div class=\"elementor-element elementor-element-c9de976 e-con-full e-flex e-con e-parent\" data-id=\"c9de976\" data-element_type=\"container\" data-settings=\"{&quot;background_background&quot;:&quot;classic&quot;}\">\n\t\t<div class=\"elementor-element elementor-element-4fe8e16 e-con-full e-flex e-con e-child\" data-id=\"4fe8e16\" data-element_type=\"container\">\n\t\t\t\t<div class=\"elementor-element elementor-element-2102e21 elementor-widget__width-initial elementor-widget elementor-widget-image\" data-id=\"2102e21\" data-element_type=\"widget\" data-widget_type=\"image.default\">\n\t\t\t\t\t\t\t\t\t\t\t\t\t\t\t<img fetchpriority=\"high\" decoding=\"async\" width=\"1024\" height=\"1024\" src=\"https:\/\/teleconectaecuador.ec\/wp-content\/uploads\/2025\/12\/SERVICIOS-1024x1024.png\" class=\"attachment-large size-large wp-image-491\" alt=\"\" srcset=\"https:\/\/teleconectaecuador.ec\/wp-content\/uploads\/2025\/12\/SERVICIOS-1024x1024.png 1024w, https:\/\/teleconectaecuador.ec\/wp-content\/uploads\/2025\/12\/SERVICIOS-e1766763722776-150x150.png 150w, https:\/\/teleconectaecuador.ec\/wp-content\/uploads\/2025\/12\/SERVICIOS-e1766764703900.png 5w\" sizes=\"(max-width: 1024px) 100vw, 1024px\" \/>\t\t\t\t\t\t\t\t\t\t\t\t\t\t\t<\/div>\n\t\t\t\t<\/div>\n\t\t<div class=\"elementor-element elementor-element-df54117 e-con-full e-flex e-con e-child\" data-id=\"df54117\" data-element_type=\"container\">\n\t\t\t\t<div class=\"elementor-element elementor-element-1b3c5b0 elementor-widget elementor-widget-text-editor\" data-id=\"1b3c5b0\" data-element_type=\"widget\" data-widget_type=\"text-editor.default\">\n\t\t\t\t\t\t\t\t\t<p>Atenci\u00f3n al cliente<\/p>\t\t\t\t\t\t\t\t<\/div>\n\t\t\t\t<div class=\"elementor-element elementor-element-d4d32a2 elementor-widget__width-initial elementor-widget elementor-widget-text-editor\" data-id=\"d4d32a2\" data-element_type=\"widget\" data-widget_type=\"text-editor.default\">\n\t\t\t\t\t\t\t\t\t<p>Cuidamos a <br \/>tus clientes<\/p>\t\t\t\t\t\t\t\t<\/div>\n\t\t\t\t<div class=\"elementor-element elementor-element-823a949 elementor-widget__width-initial elementor-widget elementor-widget-text-editor\" data-id=\"823a949\" data-element_type=\"widget\" data-widget_type=\"text-editor.default\">\n\t\t\t\t\t\t\t\t\t<p>Nuestra metodolog\u00eda permite dar soporte,<br \/>gesti\u00f3n y fidelizaci\u00f3n.<\/p>\t\t\t\t\t\t\t\t<\/div>\n\t\t\t\t<div class=\"elementor-element elementor-element-b75d2a4 elementor-button-info elementor-align-left elementor-mobile-align-justify elementor-widget elementor-widget-button\" data-id=\"b75d2a4\" data-element_type=\"widget\" data-widget_type=\"button.default\">\n\t\t\t\t\t\t\t\t\t\t<a class=\"elementor-button elementor-button-link elementor-size-sm\" href=\"#\">\n\t\t\t\t\t\t<span class=\"elementor-button-content-wrapper\">\n\t\t\t\t\t\t\t\t\t<span class=\"elementor-button-text\">Conversemos<\/span>\n\t\t\t\t\t<\/span>\n\t\t\t\t\t<\/a>\n\t\t\t\t\t\t\t\t<\/div>\n\t\t\t\t<\/div>\n\t\t\t\t<\/div>\n\t\t<div class=\"elementor-element elementor-element-ff59ef0 e-con-full e-flex e-con e-parent\" data-id=\"ff59ef0\" data-element_type=\"container\" data-settings=\"{&quot;background_background&quot;:&quot;classic&quot;}\">\n\t\t<div class=\"elementor-element elementor-element-1bba3d4 e-con-full e-flex e-con e-child\" data-id=\"1bba3d4\" data-element_type=\"container\">\n\t\t\t\t<div class=\"elementor-element elementor-element-3c6369b elementor-widget elementor-widget-image\" data-id=\"3c6369b\" data-element_type=\"widget\" data-widget_type=\"image.default\">\n\t\t\t\t\t\t\t\t\t\t\t\t\t\t\t<img decoding=\"async\" width=\"1024\" height=\"1024\" src=\"https:\/\/teleconectaecuador.ec\/wp-content\/uploads\/2025\/12\/SERVICIOS-2-1024x1024.png\" class=\"attachment-large size-large wp-image-501\" alt=\"\" srcset=\"https:\/\/teleconectaecuador.ec\/wp-content\/uploads\/2025\/12\/SERVICIOS-2-1024x1024.png 1024w, https:\/\/teleconectaecuador.ec\/wp-content\/uploads\/2025\/12\/SERVICIOS-2-e1766766086405-150x150.png 150w\" sizes=\"(max-width: 1024px) 100vw, 1024px\" \/>\t\t\t\t\t\t\t\t\t\t\t\t\t\t\t<\/div>\n\t\t\t\t<\/div>\n\t\t<div class=\"elementor-element elementor-element-e8c3f39 e-con-full e-flex e-con e-child\" data-id=\"e8c3f39\" data-element_type=\"container\">\n\t\t\t\t<div class=\"elementor-element elementor-element-e0c4626 elementor-widget elementor-widget-text-editor\" data-id=\"e0c4626\" data-element_type=\"widget\" data-widget_type=\"text-editor.default\">\n\t\t\t\t\t\t\t\t\t<p>Ventas telef\u00f3nicas<\/p>\t\t\t\t\t\t\t\t<\/div>\n\t\t\t\t<div class=\"elementor-element elementor-element-3a528c6 elementor-widget__width-initial elementor-widget elementor-widget-text-editor\" data-id=\"3a528c6\" data-element_type=\"widget\" data-widget_type=\"text-editor.default\">\n\t\t\t\t\t\t\t\t\t<p>Conectamos con tus clientes<\/p>\t\t\t\t\t\t\t\t<\/div>\n\t\t\t\t<div class=\"elementor-element elementor-element-4cc94b2 elementor-widget__width-initial elementor-widget elementor-widget-text-editor\" data-id=\"4cc94b2\" data-element_type=\"widget\" data-widget_type=\"text-editor.default\">\n\t\t\t\t\t\t\t\t\t<p>Nuestra prioridad eres t\u00fa y siempre ser\u00e1s el primero.<\/p>\t\t\t\t\t\t\t\t<\/div>\n\t\t\t\t<div class=\"elementor-element elementor-element-f251810 elementor-button-info elementor-align-left elementor-mobile-align-justify elementor-widget-mobile__width-initial elementor-widget elementor-widget-button\" data-id=\"f251810\" data-element_type=\"widget\" data-widget_type=\"button.default\">\n\t\t\t\t\t\t\t\t\t\t<a class=\"elementor-button elementor-button-link elementor-size-sm\" href=\"#\">\n\t\t\t\t\t\t<span class=\"elementor-button-content-wrapper\">\n\t\t\t\t\t\t\t\t\t<span class=\"elementor-button-text\">Conversemos<\/span>\n\t\t\t\t\t<\/span>\n\t\t\t\t\t<\/a>\n\t\t\t\t\t\t\t\t<\/div>\n\t\t\t\t<\/div>\n\t\t\t\t<\/div>\n\t\t<div class=\"elementor-element elementor-element-751286d e-con-full e-flex e-con e-parent\" data-id=\"751286d\" data-element_type=\"container\" data-settings=\"{&quot;background_background&quot;:&quot;classic&quot;}\">\n\t\t<div class=\"elementor-element elementor-element-59ec500 e-con-full e-flex e-con e-child\" data-id=\"59ec500\" data-element_type=\"container\">\n\t\t\t\t<div class=\"elementor-element elementor-element-00d9c45 elementor-widget-tablet__width-initial elementor-widget elementor-widget-image\" data-id=\"00d9c45\" data-element_type=\"widget\" data-widget_type=\"image.default\">\n\t\t\t\t\t\t\t\t\t\t\t\t\t\t\t<img decoding=\"async\" width=\"1024\" height=\"1024\" src=\"https:\/\/teleconectaecuador.ec\/wp-content\/uploads\/2025\/12\/SERVICIOS-3-1024x1024.png\" class=\"attachment-large size-large wp-image-505\" alt=\"\" srcset=\"https:\/\/teleconectaecuador.ec\/wp-content\/uploads\/2025\/12\/SERVICIOS-3-1024x1024.png 1024w, https:\/\/teleconectaecuador.ec\/wp-content\/uploads\/2025\/12\/SERVICIOS-3-e1766766311827-150x150.png 150w\" sizes=\"(max-width: 1024px) 100vw, 1024px\" \/>\t\t\t\t\t\t\t\t\t\t\t\t\t\t\t<\/div>\n\t\t\t\t<\/div>\n\t\t<div class=\"elementor-element elementor-element-e5b4217 e-con-full e-flex e-con e-child\" data-id=\"e5b4217\" data-element_type=\"container\">\n\t\t\t\t<div class=\"elementor-element elementor-element-5127e56 elementor-widget elementor-widget-text-editor\" data-id=\"5127e56\" data-element_type=\"widget\" data-widget_type=\"text-editor.default\">\n\t\t\t\t\t\t\t\t\t<p>Cobranzas<\/p>\t\t\t\t\t\t\t\t<\/div>\n\t\t\t\t<div class=\"elementor-element elementor-element-fe819a9 elementor-widget__width-initial elementor-widget elementor-widget-text-editor\" data-id=\"fe819a9\" data-element_type=\"widget\" data-widget_type=\"text-editor.default\">\n\t\t\t\t\t\t\t\t\t<p>Recuperamos tu cartera<\/p>\t\t\t\t\t\t\t\t<\/div>\n\t\t\t\t<div class=\"elementor-element elementor-element-0153695 elementor-widget__width-initial elementor-widget elementor-widget-text-editor\" data-id=\"0153695\" data-element_type=\"widget\" data-widget_type=\"text-editor.default\">\n\t\t\t\t\t\t\t\t\t<p>Compramos y recuperamos carteras vencidas.<\/p>\t\t\t\t\t\t\t\t<\/div>\n\t\t\t\t<div class=\"elementor-element elementor-element-ab07aca elementor-button-info elementor-align-left elementor-mobile-align-justify elementor-widget elementor-widget-button\" data-id=\"ab07aca\" data-element_type=\"widget\" data-widget_type=\"button.default\">\n\t\t\t\t\t\t\t\t\t\t<a class=\"elementor-button elementor-button-link elementor-size-sm\" href=\"#\">\n\t\t\t\t\t\t<span class=\"elementor-button-content-wrapper\">\n\t\t\t\t\t\t\t\t\t<span class=\"elementor-button-text\">Conversemos<\/span>\n\t\t\t\t\t<\/span>\n\t\t\t\t\t<\/a>\n\t\t\t\t\t\t\t\t<\/div>\n\t\t\t\t<\/div>\n\t\t\t\t<\/div>\n\t\t<div class=\"elementor-element elementor-element-1ae384f e-con-full e-flex e-con e-parent\" data-id=\"1ae384f\" data-element_type=\"container\" data-settings=\"{&quot;background_background&quot;:&quot;classic&quot;}\">\n\t\t<div class=\"elementor-element elementor-element-ac3542b e-con-full e-flex e-con e-child\" data-id=\"ac3542b\" data-element_type=\"container\">\n\t\t\t\t<div class=\"elementor-element elementor-element-6cb613b elementor-widget__width-initial elementor-widget-tablet__width-initial elementor-widget elementor-widget-image\" data-id=\"6cb613b\" data-element_type=\"widget\" data-widget_type=\"image.default\">\n\t\t\t\t\t\t\t\t\t\t\t\t\t\t\t<img loading=\"lazy\" decoding=\"async\" width=\"1024\" height=\"1024\" src=\"https:\/\/teleconectaecuador.ec\/wp-content\/uploads\/2025\/12\/INICIO-MAS-INTERAC-3-1-1024x1024.png\" class=\"attachment-large size-large wp-image-662\" alt=\"\" srcset=\"https:\/\/teleconectaecuador.ec\/wp-content\/uploads\/2025\/12\/INICIO-MAS-INTERAC-3-1-1024x1024.png 1024w, https:\/\/teleconectaecuador.ec\/wp-content\/uploads\/2025\/12\/INICIO-MAS-INTERAC-3-1-300x300.png 300w, https:\/\/teleconectaecuador.ec\/wp-content\/uploads\/2025\/12\/INICIO-MAS-INTERAC-3-1-150x150.png 150w, https:\/\/teleconectaecuador.ec\/wp-content\/uploads\/2025\/12\/INICIO-MAS-INTERAC-3-1-768x768.png 768w, https:\/\/teleconectaecuador.ec\/wp-content\/uploads\/2025\/12\/INICIO-MAS-INTERAC-3-1.png 1080w\" sizes=\"(max-width: 1024px) 100vw, 1024px\" \/>\t\t\t\t\t\t\t\t\t\t\t\t\t\t\t<\/div>\n\t\t\t\t<\/div>\n\t\t<div class=\"elementor-element elementor-element-ddd2563 e-con-full e-flex e-con e-child\" data-id=\"ddd2563\" data-element_type=\"container\">\n\t\t\t\t<div class=\"elementor-element elementor-element-df037cd elementor-widget elementor-widget-text-editor\" data-id=\"df037cd\" data-element_type=\"widget\" data-widget_type=\"text-editor.default\">\n\t\t\t\t\t\t\t\t\t<p>Servicios B2B<\/p>\t\t\t\t\t\t\t\t<\/div>\n\t\t\t\t<div class=\"elementor-element elementor-element-2e6555f elementor-widget__width-initial elementor-widget elementor-widget-text-editor\" data-id=\"2e6555f\" data-element_type=\"widget\" data-widget_type=\"text-editor.default\">\n\t\t\t\t\t\t\t\t\t<p>Fidelizamos a tus clientes<\/p>\t\t\t\t\t\t\t\t<\/div>\n\t\t\t\t<div class=\"elementor-element elementor-element-be91a3a elementor-widget__width-initial elementor-widget elementor-widget-text-editor\" data-id=\"be91a3a\" data-element_type=\"widget\" data-widget_type=\"text-editor.default\">\n\t\t\t\t\t\t\t\t\t<p>La fidelizaci\u00f3n se la obtiene, d\u00e1ndole un buen servicio al cliente.<\/p>\t\t\t\t\t\t\t\t<\/div>\n\t\t\t\t<div class=\"elementor-element elementor-element-dca6829 elementor-button-info elementor-align-left elementor-mobile-align-justify elementor-widget elementor-widget-button\" data-id=\"dca6829\" data-element_type=\"widget\" data-widget_type=\"button.default\">\n\t\t\t\t\t\t\t\t\t\t<a class=\"elementor-button elementor-button-link elementor-size-sm\" href=\"#\">\n\t\t\t\t\t\t<span class=\"elementor-button-content-wrapper\">\n\t\t\t\t\t\t\t\t\t<span class=\"elementor-button-text\">Conversemos<\/span>\n\t\t\t\t\t<\/span>\n\t\t\t\t\t<\/a>\n\t\t\t\t\t\t\t\t<\/div>\n\t\t\t\t<\/div>\n\t\t\t\t<\/div>\n\t\t\t\t<\/div>\n\t\t","protected":false},"excerpt":{"rendered":"<p>Atenci\u00f3n al cliente Ventas telef\u00f3nicas Cobranzas ServiciosB2B Atenci\u00f3n al cliente Cuidamos a tus clientes Nuestra metodolog\u00eda permite dar soporte,gesti\u00f3n y [&hellip;]<\/p>\n","protected":false},"author":1,"featured_media":0,"parent":0,"menu_order":0,"comment_status":"closed","ping_status":"closed","template":"","meta":{"site-sidebar-layout":"no-sidebar","site-content-layout":"","ast-site-content-layout":"full-width-container","site-content-style":"default","site-sidebar-style":"default","ast-global-header-display":"","ast-banner-title-visibility":"","ast-main-header-display":"","ast-hfb-above-header-display":"","ast-hfb-below-header-display":"","ast-hfb-mobile-header-display":"","site-post-title":"disabled","ast-breadcrumbs-content":"","ast-featured-img":"disabled","footer-sml-layout":"","ast-disable-related-posts":"","theme-transparent-header-meta":"","adv-header-id-meta":"","stick-header-meta":"","header-above-stick-meta":"","header-main-stick-meta":"","header-below-stick-meta":"","astra-migrate-meta-layouts":"default","ast-page-background-enabled":"default","ast-page-background-meta":{"desktop":{"background-color":"var(--ast-global-color-5)","background-image":"","background-repeat":"repeat","background-position":"center center","background-size":"auto","background-attachment":"scroll","background-type":"","background-media":"","overlay-type":"","overlay-color":"","overlay-opacity":"","overlay-gradient":""},"tablet":{"background-color":"","background-image":"","background-repeat":"repeat","background-position":"center center","background-size":"auto","background-attachment":"scroll","background-type":"","background-media":"","overlay-type":"","overlay-color":"","overlay-opacity":"","overlay-gradient":""},"mobile":{"background-color":"","background-image":"","background-repeat":"repeat","background-position":"center center","background-size":"auto","background-attachment":"scroll","background-type":"","background-media":"","overlay-type":"","overlay-color":"","overlay-opacity":"","overlay-gradient":""}},"ast-content-background-meta":{"desktop":{"background-color":"var(--ast-global-color-4)","background-image":"","background-repeat":"repeat","background-position":"center center","background-size":"auto","background-attachment":"scroll","background-type":"","background-media":"","overlay-type":"","overlay-color":"","overlay-opacity":"","overlay-gradient":""},"tablet":{"background-color":"var(--ast-global-color-4)","background-image":"","background-repeat":"repeat","background-position":"center center","background-size":"auto","background-attachment":"scroll","background-type":"","background-media":"","overlay-type":"","overlay-color":"","overlay-opacity":"","overlay-gradient":""},"mobile":{"background-color":"var(--ast-global-color-4)","background-image":"","background-repeat":"repeat","background-position":"center center","background-size":"auto","background-attachment":"scroll","background-type":"","background-media":"","overlay-type":"","overlay-color":"","overlay-opacity":"","overlay-gradient":""}},"footnotes":""},"class_list":["post-221","page","type-page","status-publish","hentry"],"_links":{"self":[{"href":"https:\/\/teleconectaecuador.ec\/index.php\/wp-json\/wp\/v2\/pages\/221","targetHints":{"allow":["GET"]}}],"collection":[{"href":"https:\/\/teleconectaecuador.ec\/index.php\/wp-json\/wp\/v2\/pages"}],"about":[{"href":"https:\/\/teleconectaecuador.ec\/index.php\/wp-json\/wp\/v2\/types\/page"}],"author":[{"embeddable":true,"href":"https:\/\/teleconectaecuador.ec\/index.php\/wp-json\/wp\/v2\/users\/1"}],"replies":[{"embeddable":true,"href":"https:\/\/teleconectaecuador.ec\/index.php\/wp-json\/wp\/v2\/comments?post=221"}],"version-history":[{"count":26,"href":"https:\/\/teleconectaecuador.ec\/index.php\/wp-json\/wp\/v2\/pages\/221\/revisions"}],"predecessor-version":[{"id":668,"href":"https:\/\/teleconectaecuador.ec\/index.php\/wp-json\/wp\/v2\/pages\/221\/revisions\/668"}],"wp:attachment":[{"href":"https:\/\/teleconectaecuador.ec\/index.php\/wp-json\/wp\/v2\/media?parent=221"}],"curies":[{"name":"wp","href":"https:\/\/api.w.org\/{rel}","templated":true}]}}